{"id":3,"date":"2023-03-14T10:33:51","date_gmt":"2023-03-14T13:33:51","guid":{"rendered":"https:\/\/carolneves.com.br\/membros\/?page_id=3"},"modified":"2023-05-03T19:47:16","modified_gmt":"2023-05-03T22:47:16","slug":"politica-de-privacidade","status":"publish","type":"page","link":"https:\/\/carolneves.com.br\/membros\/politica-de-privacidade\/","title":{"rendered":"Pol\u00edtica de privacidade"},"content":{"rendered":"\t\t<div data-elementor-type=\"wp-page\" data-elementor-id=\"3\" class=\"elementor elementor-3\" data-elementor-post-type=\"page\">\n\t\t\t\t\t\t<section class=\"elementor-section elementor-top-section elementor-element elementor-element-7591165 elementor-section-boxed elementor-section-height-default elementor-section-height-default\" data-id=\"7591165\" data-element_type=\"section\" data-settings=\"{&quot;background_background&quot;:&quot;classic&quot;,&quot;jet_parallax_layout_list&quot;:[]}\">\n\t\t\t\t\t\t<div class=\"elementor-container elementor-column-gap-default\">\n\t\t\t\t\t<div class=\"elementor-column elementor-col-100 elementor-top-column elementor-element elementor-element-7e0cace\" data-id=\"7e0cace\" data-element_type=\"column\" data-settings=\"{&quot;background_background&quot;:&quot;classic&quot;}\">\n\t\t\t<div class=\"elementor-widget-wrap elementor-element-populated\">\n\t\t\t\t\t\t<div class=\"elementor-element elementor-element-3558867 elementor-widget elementor-widget-image\" data-id=\"3558867\" data-element_type=\"widget\" data-widget_type=\"image.default\">\n\t\t\t\t<div class=\"elementor-widget-container\">\n\t\t\t\t\t\t\t\t\t\t\t\t\t\t\t<img fetchpriority=\"high\" decoding=\"async\" width=\"667\" height=\"374\" src=\"https:\/\/carolneves.com.br\/membros\/wp-content\/uploads\/2023\/03\/photo-output-removebg-preview.png\" class=\"attachment-large size-large wp-image-25680\" alt=\"\" srcset=\"https:\/\/carolneves.com.br\/membros\/wp-content\/uploads\/2023\/03\/photo-output-removebg-preview.png 667w, https:\/\/carolneves.com.br\/membros\/wp-content\/uploads\/2023\/03\/photo-output-removebg-preview-600x336.png 600w, https:\/\/carolneves.com.br\/membros\/wp-content\/uploads\/2023\/03\/photo-output-removebg-preview-300x168.png 300w\" sizes=\"(max-width: 667px) 100vw, 667px\" \/>\t\t\t\t\t\t\t\t\t\t\t\t\t\t\t<\/div>\n\t\t\t\t<\/div>\n\t\t\t\t<section class=\"elementor-section elementor-inner-section elementor-element elementor-element-69f1104 elementor-section-boxed elementor-section-height-default elementor-section-height-default\" data-id=\"69f1104\" data-element_type=\"section\" data-settings=\"{&quot;jet_parallax_layout_list&quot;:[]}\">\n\t\t\t\t\t\t<div class=\"elementor-container elementor-column-gap-default\">\n\t\t\t\t\t<div class=\"elementor-column elementor-col-100 elementor-inner-column elementor-element elementor-element-9da0e18\" data-id=\"9da0e18\" data-element_type=\"column\">\n\t\t\t<div class=\"elementor-widget-wrap elementor-element-populated\">\n\t\t\t\t\t\t<div class=\"elementor-element elementor-element-9b4589b elementor-widget elementor-widget-heading\" data-id=\"9b4589b\" data-element_type=\"widget\" data-widget_type=\"heading.default\">\n\t\t\t\t<div class=\"elementor-widget-container\">\n\t\t\t\t\t<h2 class=\"elementor-heading-title elementor-size-default\">Termo de Aptid\u00e3o Fisica e Politica de Privacidade<\/h2>\t\t\t\t<\/div>\n\t\t\t\t<\/div>\n\t\t\t\t<div class=\"elementor-element elementor-element-566bf342 elementor-widget elementor-widget-text-editor\" data-id=\"566bf342\" data-element_type=\"widget\" data-widget_type=\"text-editor.default\">\n\t\t\t\t<div class=\"elementor-widget-container\">\n\t\t\t\t\t\t\t\t\t\n<p>Atesto que estou apto a participar deste programa ONLINE de treinamento SHAPE COM CAROL NEVES e asseguro estar em excelentes condi\u00e7\u00f5es de sa\u00fade, f\u00edsicas e psicol\u00f3gicas, sendo perfeitamente respons\u00e1vel por meus atos.<\/p>\n<p>Assumo plena responsabilidade por qualquer atividade f\u00edsica praticada e ISENTO e DESOBRIGO SHAPE COM CAROL NEVES, bem como todos diretamente envolvidos, qualquer responsabilidade por danos a minha sa\u00fade que eventualmente possam ser causados no decorrer do per\u00edodo de treinamento.<\/p>\n<p>Ainda esse termo aconselha passar por consulta m\u00e9dica atestando a libera\u00e7\u00e3o da pr\u00e1tica de exerc\u00edcios f\u00edsicos.<\/p>\n<p>Caso ap\u00f3s o in\u00edcio dos treinamentos f\u00edsicos, eu venha a sentir qualquer desconforto m\u00fasculo-articular, card\u00edaco, dores no peito, palpita\u00e7\u00f5es, angina, dores de cabe\u00e7a, mal estar em geral, entre outros dist\u00farbios, esse termo aconselha procurar novamente o m\u00e9dico e relatar o acontecido.<\/p>\n\t\t\t\t\t\t\t\t<\/div>\n\t\t\t\t<\/div>\n\t\t\t\t\t<\/div>\n\t\t<\/div>\n\t\t\t\t\t<\/div>\n\t\t<\/section>\n\t\t\t\t\t<\/div>\n\t\t<\/div>\n\t\t\t\t\t<\/div>\n\t\t<\/section>\n\t\t\t\t<\/div>\n\t\t","protected":false},"excerpt":{"rendered":"<p>Termo de Aptid\u00e3o Fisica e Politica de Privacidade Atesto que estou apto a participar deste programa ONLINE de treinamento SHAPE COM CAROL NEVES e asseguro estar em excelentes condi\u00e7\u00f5es de sa\u00fade, f\u00edsicas e psicol\u00f3gicas, sendo perfeitamente respons\u00e1vel por meus atos. Assumo plena responsabilidade por qualquer atividade f\u00edsica praticada e ISENTO e DESOBRIGO SHAPE COM CAROL [&hellip;]<\/p>\n","protected":false},"author":1,"featured_media":0,"parent":0,"menu_order":0,"comment_status":"closed","ping_status":"open","template":"elementor_canvas","meta":{"site-sidebar-layout":"default","site-content-layout":"","ast-site-content-layout":"default","site-content-style":"default","site-sidebar-style":"default","ast-global-header-display":"","ast-banner-title-visibility":"","ast-main-header-display":"","ast-hfb-above-header-display":"","ast-hfb-below-header-display":"","ast-hfb-mobile-header-display":"","site-post-title":"","ast-breadcrumbs-content":"","ast-featured-img":"","footer-sml-layout":"","theme-transparent-header-meta":"","adv-header-id-meta":"","stick-header-meta":"","header-above-stick-meta":"","header-main-stick-meta":"","header-below-stick-meta":"","astra-migrate-meta-layouts":"default","ast-page-background-enabled":"default","ast-page-background-meta":{"desktop":{"background-color":"","background-image":"","background-repeat":"repeat","background-position":"center center","background-size":"auto","background-attachment":"scroll","background-type":"","background-media":"","overlay-type":"","overlay-color":"","overlay-opacity":"","overlay-gradient":""},"tablet":{"background-color":"","background-image":"","background-repeat":"repeat","background-position":"center center","background-size":"auto","background-attachment":"scroll","background-type":"","background-media":"","overlay-type":"","overlay-color":"","overlay-opacity":"","overlay-gradient":""},"mobile":{"background-color":"","background-image":"","background-repeat":"repeat","background-position":"center center","background-size":"auto","background-attachment":"scroll","background-type":"","background-media":"","overlay-type":"","overlay-color":"","overlay-opacity":"","overlay-gradient":""}},"ast-content-background-meta":{"desktop":{"background-color":"var(--ast-global-color-5)","background-image":"","background-repeat":"repeat","background-position":"center center","background-size":"auto","background-attachment":"scroll","background-type":"","background-media":"","overlay-type":"","overlay-color":"","overlay-opacity":"","overlay-gradient":""},"tablet":{"background-color":"var(--ast-global-color-5)","background-image":"","background-repeat":"repeat","background-position":"center center","background-size":"auto","background-attachment":"scroll","background-type":"","background-media":"","overlay-type":"","overlay-color":"","overlay-opacity":"","overlay-gradient":""},"mobile":{"background-color":"var(--ast-global-color-5)","background-image":"","background-repeat":"repeat","background-position":"center center","background-size":"auto","background-attachment":"scroll","background-type":"","background-media":"","overlay-type":"","overlay-color":"","overlay-opacity":"","overlay-gradient":""}},"footnotes":""},"class_list":["post-3","page","type-page","status-publish","hentry"],"_links":{"self":[{"href":"https:\/\/carolneves.com.br\/membros\/wp-json\/wp\/v2\/pages\/3","targetHints":{"allow":["GET"]}}],"collection":[{"href":"https:\/\/carolneves.com.br\/membros\/wp-json\/wp\/v2\/pages"}],"about":[{"href":"https:\/\/carolneves.com.br\/membros\/wp-json\/wp\/v2\/types\/page"}],"author":[{"embeddable":true,"href":"https:\/\/carolneves.com.br\/membros\/wp-json\/wp\/v2\/users\/1"}],"replies":[{"embeddable":true,"href":"https:\/\/carolneves.com.br\/membros\/wp-json\/wp\/v2\/comments?post=3"}],"version-history":[{"count":0,"href":"https:\/\/carolneves.com.br\/membros\/wp-json\/wp\/v2\/pages\/3\/revisions"}],"wp:attachment":[{"href":"https:\/\/carolneves.com.br\/membros\/wp-json\/wp\/v2\/media?parent=3"}],"curies":[{"name":"wp","href":"https:\/\/api.w.org\/{rel}","templated":true}]}}